{"id":3173,"date":"2025-10-28T15:38:11","date_gmt":"2025-10-28T19:38:11","guid":{"rendered":"https:\/\/santemontroyal.com\/?page_id=3173"},"modified":"2025-10-28T15:43:28","modified_gmt":"2025-10-28T19:43:28","slug":"options-de-paiement","status":"publish","type":"page","link":"https:\/\/santemontroyal.com\/fr\/options-de-paiement\/","title":{"rendered":"Options de paiement"},"content":{"rendered":"\t\t<div data-elementor-type=\"wp-page\" data-elementor-id=\"3173\" class=\"elementor elementor-3173\" data-elementor-post-type=\"page\">\n\t\t\t\t<div class=\"elementor-element elementor-element-fe53d28 e-flex e-con-boxed e-con e-parent\" data-id=\"fe53d28\" data-element_type=\"container\" data-e-type=\"container\">\n\t\t\t\t\t<div class=\"e-con-inner\">\n\t\t\t\t<div class=\"elementor-element elementor-element-b524bc1 elementor-widget elementor-widget-heading\" data-id=\"b524bc1\" data-element_type=\"widget\" data-e-type=\"widget\" data-widget_type=\"heading.default\">\n\t\t\t\t<div class=\"elementor-widget-container\">\n\t\t\t\t\t<h1 class=\"elementor-heading-title elementor-size-default\">Options de paiement<\/h1>\t\t\t\t<\/div>\n\t\t\t\t<\/div>\n\t\t\t\t<div class=\"elementor-element elementor-element-ae9589b elementor-widget elementor-widget-heading\" data-id=\"ae9589b\" data-element_type=\"widget\" data-e-type=\"widget\" data-widget_type=\"heading.default\">\n\t\t\t\t<div class=\"elementor-widget-container\">\n\t\t\t\t\t<h1 class=\"elementor-heading-title elementor-size-default\">M\u00e9thodes pratiques et s\u00e9curis\u00e9es<\/h1>\t\t\t\t<\/div>\n\t\t\t\t<\/div>\n\t\t\t\t\t<\/div>\n\t\t\t\t<\/div>\n\t\t<div class=\"elementor-element elementor-element-a0deb7d e-con-full e-flex e-con e-parent\" data-id=\"a0deb7d\" data-element_type=\"container\" data-e-type=\"container\" id=\"appointments\">\n\t\t<div class=\"elementor-element elementor-element-065acba e-con-full e-flex e-con e-child\" data-id=\"065acba\" data-element_type=\"container\" data-e-type=\"container\">\n\t\t\t\t<div class=\"elementor-element elementor-element-04065bb elementor-widget__width-initial elementor-widget elementor-widget-text-editor\" data-id=\"04065bb\" data-element_type=\"widget\" data-e-type=\"widget\" data-widget_type=\"text-editor.default\">\n\t\t\t\t<div class=\"elementor-widget-container\">\n\t\t\t\t\t\t\t\t\t<p><strong>Pour faciliter le paiement de vos formulaires m\u00e9dicaux et services, nous acceptons maintenant les virements Interac.<\/strong><\/p>\n<p><strong>Comment payer par virement Interac :<\/strong><\/p>\n<ol>\n<li>Connectez-vous \u00e0 votre service bancaire en ligne.<\/li>\n<li>S\u00e9lectionnez \u00ab Envoyer un virement Interac \u00bb.<\/li>\n<li>Envoyez le paiement \u00e0 <b>payable@santemontroyal.com<\/b><\/li>\n<li>Dans le message, veuillez indiquer :\n<ul>\n<li>Votre num\u00e9ro RAMQ ou votre nom complet<\/li>\n<li>Votre date de naissance<\/li>\n<li>Le motif du paiement (ex. : formulaire m\u00e9dical, rendez-vous manqu\u00e9, etc.)<\/li>\n<\/ul>\n<\/li>\n<\/ol>\n<p><strong>\ud83d\udca1<\/strong> <strong><em>Aucune question de s\u00e9curit\u00e9 n\u2019est requise. Les paiements sont d\u00e9pos\u00e9s automatiquement.<\/em><\/strong><\/p>\n<p><strong>\ud83d\udcde<\/strong><strong> Vous pouvez \u00e9galement effectuer votre paiement par t\u00e9l\u00e9phone au (514) 819-6649, du lundi au vendredi, de 9 h \u00e0 16 h.<\/strong><\/p>\n<p><\/p>\n<p><strong><u>Confirmation de paiement<\/u><\/strong><\/p>\n<p>Une fois votre paiement re\u00e7u et trait\u00e9, un <strong>courriel de confirmation et un re\u00e7u<\/strong> vous seront envoy\u00e9s.&nbsp; Veuillez pr\u00e9voir un d\u00e9lai de <strong>1 \u00e0 2 jour ouvrable<\/strong> pour le traitement.<\/p>\n<p><em>*Veuillez ne pas inclure d\u2019informations m\u00e9dicales personnelles dans votre message de virement Interac.<\/em><\/p>\t\t\t\t\t\t\t\t<\/div>\n\t\t\t\t<\/div>\n\t\t\t\t<\/div>\n\t\t\t\t<\/div>\n\t\t\t\t<\/div>\n\t\t","protected":false},"excerpt":{"rendered":"<p>Avertissement concernant les r\u00e9servations de tiers<\/p>\n","protected":false},"author":1,"featured_media":1976,"parent":0,"menu_order":0,"comment_status":"closed","ping_status":"closed","template":"elementor_header_footer","meta":{"footnotes":""},"class_list":["post-3173","page","type-page","status-publish","has-post-thumbnail","hentry"],"_links":{"self":[{"href":"https:\/\/santemontroyal.com\/fr\/wp-json\/wp\/v2\/pages\/3173","targetHints":{"allow":["GET"]}}],"collection":[{"href":"https:\/\/santemontroyal.com\/fr\/wp-json\/wp\/v2\/pages"}],"about":[{"href":"https:\/\/santemontroyal.com\/fr\/wp-json\/wp\/v2\/types\/page"}],"author":[{"embeddable":true,"href":"https:\/\/santemontroyal.com\/fr\/wp-json\/wp\/v2\/users\/1"}],"replies":[{"embeddable":true,"href":"https:\/\/santemontroyal.com\/fr\/wp-json\/wp\/v2\/comments?post=3173"}],"version-history":[{"count":5,"href":"https:\/\/santemontroyal.com\/fr\/wp-json\/wp\/v2\/pages\/3173\/revisions"}],"predecessor-version":[{"id":3180,"href":"https:\/\/santemontroyal.com\/fr\/wp-json\/wp\/v2\/pages\/3173\/revisions\/3180"}],"wp:featuredmedia":[{"embeddable":true,"href":"https:\/\/santemontroyal.com\/fr\/wp-json\/wp\/v2\/media\/1976"}],"wp:attachment":[{"href":"https:\/\/santemontroyal.com\/fr\/wp-json\/wp\/v2\/media?parent=3173"}],"curies":[{"name":"wp","href":"https:\/\/api.w.org\/{rel}","templated":true}]}}