{"id":1859,"date":"2024-02-02T14:56:55","date_gmt":"2024-02-02T19:56:55","guid":{"rendered":"https:\/\/santemontroyal.com\/rendez-vous-medecine-familiale\/"},"modified":"2025-01-06T15:53:45","modified_gmt":"2025-01-06T20:53:45","slug":"rendez-vous-medecine-familiale","status":"publish","type":"page","link":"https:\/\/santemontroyal.com\/fr\/rendez-vous-medecine-familiale\/","title":{"rendered":"Rendez-vous : M\u00e9decine familiale"},"content":{"rendered":"\t\t<div data-elementor-type=\"wp-page\" data-elementor-id=\"1859\" class=\"elementor elementor-1859 elementor-837\" data-elementor-post-type=\"page\">\n\t\t\t\t<div class=\"elementor-element elementor-element-fe53d28 e-flex e-con-boxed e-con e-parent\" data-id=\"fe53d28\" data-element_type=\"container\" data-e-type=\"container\">\n\t\t\t\t\t<div class=\"e-con-inner\">\n\t\t\t\t<div class=\"elementor-element elementor-element-b524bc1 elementor-widget elementor-widget-heading\" data-id=\"b524bc1\" data-element_type=\"widget\" data-e-type=\"widget\" data-widget_type=\"heading.default\">\n\t\t\t\t<div class=\"elementor-widget-container\">\n\t\t\t\t\t<h1 class=\"elementor-heading-title elementor-size-default\">M\u00e9decine familiale<\/h1>\t\t\t\t<\/div>\n\t\t\t\t<\/div>\n\t\t\t\t<div class=\"elementor-element elementor-element-39d6f71 elementor-align-left elementor-widget elementor-widget-button\" data-id=\"39d6f71\" data-element_type=\"widget\" data-e-type=\"widget\" data-widget_type=\"button.default\">\n\t\t\t\t<div class=\"elementor-widget-container\">\n\t\t\t\t\t\t\t\t\t<div class=\"elementor-button-wrapper\">\n\t\t\t\t\t<a class=\"elementor-button elementor-button-link elementor-size-sm\" href=\"https:\/\/santemontroyal.com\/avertissement-concernant-les-reservations-de-tiers\/\">\n\t\t\t\t\t\t<span class=\"elementor-button-content-wrapper\">\n\t\t\t\t\t\t\t\t\t<span class=\"elementor-button-text\">R\u00c9SERVER EN LIGNE \u27f6<\/span>\n\t\t\t\t\t<\/span>\n\t\t\t\t\t<\/a>\n\t\t\t\t<\/div>\n\t\t\t\t\t\t\t\t<\/div>\n\t\t\t\t<\/div>\n\t\t\t\t\t<\/div>\n\t\t\t\t<\/div>\n\t\t<div class=\"elementor-element elementor-element-a0deb7d e-con-full e-flex e-con e-parent\" data-id=\"a0deb7d\" data-element_type=\"container\" data-e-type=\"container\" id=\"appointments\">\n\t\t<div class=\"elementor-element elementor-element-065acba e-con-full e-flex e-con e-child\" data-id=\"065acba\" data-element_type=\"container\" data-e-type=\"container\">\n\t\t\t\t<div class=\"elementor-element elementor-element-c554c16 elementor-widget elementor-widget-heading\" data-id=\"c554c16\" data-element_type=\"widget\" data-e-type=\"widget\" data-widget_type=\"heading.default\">\n\t\t\t\t<div class=\"elementor-widget-container\">\n\t\t\t\t\t<h1 class=\"elementor-heading-title elementor-size-default\">Prise de rendez-vous<\/h1>\t\t\t\t<\/div>\n\t\t\t\t<\/div>\n\t\t\t\t<div class=\"elementor-element elementor-element-04065bb elementor-widget__width-initial elementor-widget elementor-widget-text-editor\" data-id=\"04065bb\" data-element_type=\"widget\" data-e-type=\"widget\" data-widget_type=\"text-editor.default\">\n\t\t\t\t<div class=\"elementor-widget-container\">\n\t\t\t\t\t\t\t\t\t<ul><li>Nous encourageons tout le monde \u00e0 prendre rendez-vous<span style=\"text-decoration: underline;\"><strong> en ligne<\/strong><\/span> avec leur m\u00e9decin de famille.<\/li><li><strong>Tous les rendez-vous<\/strong> sont affich\u00e9s <span style=\"text-decoration: underline;\"><strong>30<\/strong><\/span> jours \u00e0 l&rsquo;avance, \u00e0 <span style=\"text-decoration: underline;\"><strong>9h<\/strong><\/span>.<\/li><li><strong>Plusieurs rendez-vous de suivi<\/strong> sont affich\u00e9s <span style=\"text-decoration: underline;\"><strong>3 et 7 jours<\/strong><\/span> \u00e0 l&rsquo;avance, en accord avec l&rsquo;horaire de votre m\u00e9decin..<\/li><li><p><strong>Si aucun rendez-vous n&rsquo;est disponible<\/strong> avec votre m\u00e9decin de famille, veuillez <span style=\"text-decoration: underline;\">revenir plus tard ou le lendemain<\/span>.\u00a0 Vous pouvez \u00e9galement vous abonner \u00e0 la <span style=\"text-decoration: underline;\"><strong>notification d&rsquo;alerte de rendez-vous<\/strong><\/span> (disponible en ligne uniquement).<\/p><\/li><li><strong>Pour les urgences mineures<\/strong>, lorsque votre m\u00e9decin n&rsquo;est pas disponible, veuillez prendre rendez-vous dans notre <span style=\"text-decoration: underline;\">clinique de soins urgents<\/span> ou <span style=\"text-decoration: underline;\">contacter l&rsquo;infirmi\u00e8re de votre m\u00e9decin<\/span>.\u00a0 *<strong style=\"background-color: transparent; color: var( --e-global-color-text ); letter-spacing: 0px; text-align: var(--text-align);\">Il ne s&rsquo;agit PAS de bilans de sant\u00e9, de suivi de routine ou d&rsquo;examens prescrits par un autre m\u00e9decin.<\/strong><\/li><li>Pour <strong><span style=\"text-decoration: underline;\">contacter l&rsquo;infirmi\u00e8re <\/span><\/strong>de votre m\u00e9decin<strong><span style=\"text-decoration: underline;\">, <\/span><\/strong>ou pour<span style=\"text-decoration: underline;\">\u00a0<\/span><strong><span style=\"text-decoration: underline;\">prendre rendez-vous pour la visite de votre enfant et\/ou les vaccinations<\/span><\/strong>,\u00a0veuillez <a href=\"https:\/\/santemontroyal.com\/services\/nurses\/\">cliquez ici<\/a>.<\/li><\/ul><p><strong><span style=\"text-decoration: underline;\">**IMPORTANT**<\/span> : <\/strong><\/p><p><strong>Notre agent de prise de rendez-vous a acc\u00e8s aux <span style=\"text-decoration: underline;\">M\u00caMES<\/span> rendez-vous que ceux publi\u00e9s en ligne. S&rsquo;il n&rsquo;y a pas de rendez-vous disponibles en ligne, il n&rsquo;y en a pas non plus pour l&rsquo;agent. <\/strong><\/p><p><strong><span style=\"text-decoration: underline;\">Les abus verbaux \u00e0 l&rsquo;encontre de ces agents ne seront pas tol\u00e9r\u00e9s<\/span>. Un tel comportement peut entra\u00eener la coupure automatique de l&rsquo;appel.\u00a0 <\/strong><\/p><p><strong>Nos agents ne peuvent proposer <span style=\"text-decoration: underline;\">que ce qui<\/span> est disponible, en accord avec les disponibilit\u00e9s de votre m\u00e9decin.<\/strong><\/p>\t\t\t\t\t\t\t\t<\/div>\n\t\t\t\t<\/div>\n\t\t\t\t<\/div>\n\t\t<div class=\"elementor-element elementor-element-7ad64a4 e-con-full e-flex e-con e-child\" data-id=\"7ad64a4\" data-element_type=\"container\" data-e-type=\"container\">\n\t\t\t\t<div class=\"elementor-element elementor-element-8c098ad elementor-widget elementor-widget-heading\" data-id=\"8c098ad\" data-element_type=\"widget\" data-e-type=\"widget\" data-widget_type=\"heading.default\">\n\t\t\t\t<div class=\"elementor-widget-container\">\n\t\t\t\t\t<h1 class=\"elementor-heading-title elementor-size-default\">\u00c0 noter :<\/h1>\t\t\t\t<\/div>\n\t\t\t\t<\/div>\n\t\t\t\t<div class=\"elementor-element elementor-element-dcac39d elementor-widget__width-initial elementor-widget elementor-widget-text-editor\" data-id=\"dcac39d\" data-element_type=\"widget\" data-e-type=\"widget\" data-widget_type=\"text-editor.default\">\n\t\t\t\t<div class=\"elementor-widget-container\">\n\t\t\t\t\t\t\t\t\t<ul><li><strong>N&rsquo;OUBLIEZ PAS D&rsquo;AVOIR UNE LISTE <span style=\"text-decoration: underline;\">ACTUALIS\u00c9E<\/span> DE VOS M\u00c9DICAMENTS \u00c0 <span style=\"text-decoration: underline;\">CHAQUE<\/span> RENDEZ-VOUS.<\/strong><\/li><li>En cas de vraie urgence, veuillez appeler le 9-1-1 ou vous rendre \u00e0 la salle d&rsquo;urgence de votre r\u00e9gion.<\/li><li>Si vous avez un m\u00e9decin de famille \u00e0 notre clinique, vous avez acc\u00e8s \u00e0 des rendez-vous d\u2019urgence <strong>48 heures \u00e0 l&rsquo;avance \u00e0 partir de 20h, chaque soir<\/strong>.<\/li><li><strong>Pour les rendez-vous de Clinique d\u2019urgence<\/strong> : Les annulations effectu\u00e9es avec un pr\u00e9avis de moins de <b><u>2 heures<\/u><\/b> seront soumises \u00e0 des <strong>frais de 40 $<\/strong>.<\/li><li><strong>Pour les rendez-vous en m\u00e9decine familiale et en m\u00e9decine sp\u00e9cialis\u00e9e<\/strong> : Les annulations effectu\u00e9es avec un pr\u00e9avis de moins de <b><u>24 heures<\/u><\/b> peuvent \u00eatre soumises \u00e0 des <strong>frais de 40 $<\/strong>.<\/li><li><strong>Pour annuler un rendez-vous :<\/strong> Veuillez-vous <a href=\"https:\/\/qc.pomelo.health\/santemontroyal\/#\/\">connecter au portail des patients<\/a> ou envoyer un courriel \u00e0 <a href=\"mailto:reception@santemontroyal.com\">reception@santemontroyal.com<\/a>.<\/li><\/ul>\t\t\t\t\t\t\t\t<\/div>\n\t\t\t\t<\/div>\n\t\t\t\t<div class=\"elementor-element elementor-element-9fff128 elementor-widget__width-initial elementor-widget elementor-widget-text-editor\" data-id=\"9fff128\" data-element_type=\"widget\" data-e-type=\"widget\" data-widget_type=\"text-editor.default\">\n\t\t\t\t<div class=\"elementor-widget-container\">\n\t\t\t\t\t\t\t\t\t<p>\u00a0<\/p><p><strong>Les services suivants sont disponibles pour les patients inscrits, sur recommandation de leur m\u00e9decin de famille :<\/strong><\/p>\t\t\t\t\t\t\t\t<\/div>\n\t\t\t\t<\/div>\n\t\t<div class=\"elementor-element elementor-element-305a382 e-flex e-con-boxed e-con e-child\" data-id=\"305a382\" data-element_type=\"container\" data-e-type=\"container\">\n\t\t\t\t\t<div class=\"e-con-inner\">\n\t\t\t\t<div class=\"elementor-element elementor-element-58d6ffe elementor-widget elementor-widget-heading\" data-id=\"58d6ffe\" data-element_type=\"widget\" data-e-type=\"widget\" data-widget_type=\"heading.default\">\n\t\t\t\t<div class=\"elementor-widget-container\">\n\t\t\t\t\t<h4 class=\"elementor-heading-title elementor-size-default\">Di\u00e9t\u00e9ticien<\/h4>\t\t\t\t<\/div>\n\t\t\t\t<\/div>\n\t\t\t\t\t<\/div>\n\t\t\t\t<\/div>\n\t\t<div class=\"elementor-element elementor-element-48577c4 e-flex e-con-boxed e-con e-child\" data-id=\"48577c4\" data-element_type=\"container\" data-e-type=\"container\">\n\t\t\t\t\t<div class=\"e-con-inner\">\n\t\t\t\t<div class=\"elementor-element elementor-element-38f6165 elementor-widget elementor-widget-heading\" data-id=\"38f6165\" data-element_type=\"widget\" data-e-type=\"widget\" data-widget_type=\"heading.default\">\n\t\t\t\t<div class=\"elementor-widget-container\">\n\t\t\t\t\t<h2 class=\"elementor-heading-title elementor-size-default\">Travailleur social<\/h2>\t\t\t\t<\/div>\n\t\t\t\t<\/div>\n\t\t\t\t\t<\/div>\n\t\t\t\t<\/div>\n\t\t<div class=\"elementor-element elementor-element-f436110 e-flex e-con-boxed e-con e-child\" data-id=\"f436110\" data-element_type=\"container\" data-e-type=\"container\">\n\t\t\t\t\t<div class=\"e-con-inner\">\n\t\t\t\t<div class=\"elementor-element elementor-element-b47d3cf elementor-widget elementor-widget-heading\" data-id=\"b47d3cf\" data-element_type=\"widget\" data-e-type=\"widget\" data-widget_type=\"heading.default\">\n\t\t\t\t<div class=\"elementor-widget-container\">\n\t\t\t\t\t<h2 class=\"elementor-heading-title elementor-size-default\">Psychologue<\/h2>\t\t\t\t<\/div>\n\t\t\t\t<\/div>\n\t\t\t\t\t<\/div>\n\t\t\t\t<\/div>\n\t\t<div class=\"elementor-element elementor-element-373908e e-flex e-con-boxed e-con e-child\" data-id=\"373908e\" data-element_type=\"container\" data-e-type=\"container\">\n\t\t\t\t\t<div class=\"e-con-inner\">\n\t\t\t\t<div class=\"elementor-element elementor-element-ad0da05 elementor-widget elementor-widget-heading\" data-id=\"ad0da05\" data-element_type=\"widget\" data-e-type=\"widget\" data-widget_type=\"heading.default\">\n\t\t\t\t<div class=\"elementor-widget-container\">\n\t\t\t\t\t<h2 class=\"elementor-heading-title elementor-size-default\">Infirmi\u00e8res (vaccins)<\/h2>\t\t\t\t<\/div>\n\t\t\t\t<\/div>\n\t\t\t\t\t<\/div>\n\t\t\t\t<\/div>\n\t\t<div class=\"elementor-element elementor-element-3aba7e7 e-flex e-con-boxed e-con e-child\" data-id=\"3aba7e7\" data-element_type=\"container\" data-e-type=\"container\">\n\t\t\t\t\t<div class=\"e-con-inner\">\n\t\t\t\t<div class=\"elementor-element elementor-element-0287a0a elementor-widget elementor-widget-heading\" data-id=\"0287a0a\" data-element_type=\"widget\" data-e-type=\"widget\" data-widget_type=\"heading.default\">\n\t\t\t\t<div class=\"elementor-widget-container\">\n\t\t\t\t\t<h2 class=\"elementor-heading-title elementor-size-default\">Pharmaciens<\/h2>\t\t\t\t<\/div>\n\t\t\t\t<\/div>\n\t\t\t\t\t<\/div>\n\t\t\t\t<\/div>\n\t\t<div class=\"elementor-element elementor-element-1714171 e-flex e-con-boxed e-con e-child\" data-id=\"1714171\" data-element_type=\"container\" data-e-type=\"container\">\n\t\t\t\t\t<div class=\"e-con-inner\">\n\t\t\t\t<div class=\"elementor-element elementor-element-cf4f48c elementor-widget elementor-widget-heading\" data-id=\"cf4f48c\" data-element_type=\"widget\" data-e-type=\"widget\" data-widget_type=\"heading.default\">\n\t\t\t\t<div class=\"elementor-widget-container\">\n\t\t\t\t\t<h2 class=\"elementor-heading-title elementor-size-default\">Psychiatrist<\/h2>\t\t\t\t<\/div>\n\t\t\t\t<\/div>\n\t\t\t\t\t<\/div>\n\t\t\t\t<\/div>\n\t\t\t\t<\/div>\n\t\t\t\t<\/div>\n\t\t<div class=\"elementor-element elementor-element-c985756 e-flex e-con-boxed e-con e-parent\" data-id=\"c985756\" data-element_type=\"container\" data-e-type=\"container\" id=\"services\">\n\t\t\t\t\t<div class=\"e-con-inner\">\n\t\t<div class=\"elementor-element elementor-element-5aad801 e-con-full e-flex e-con e-child\" data-id=\"5aad801\" data-element_type=\"container\" data-e-type=\"container\">\n\t\t\t\t<\/div>\n\t\t\t\t\t<\/div>\n\t\t\t\t<\/div>\n\t\t\t\t<\/div>\n\t\t","protected":false},"excerpt":{"rendered":"<p>Avertissement concernant les r\u00e9servations de tiers<\/p>\n","protected":false},"author":1,"featured_media":1976,"parent":0,"menu_order":0,"comment_status":"closed","ping_status":"closed","template":"elementor_header_footer","meta":{"footnotes":""},"class_list":["post-1859","page","type-page","status-publish","has-post-thumbnail","hentry"],"_links":{"self":[{"href":"https:\/\/santemontroyal.com\/fr\/wp-json\/wp\/v2\/pages\/1859","targetHints":{"allow":["GET"]}}],"collection":[{"href":"https:\/\/santemontroyal.com\/fr\/wp-json\/wp\/v2\/pages"}],"about":[{"href":"https:\/\/santemontroyal.com\/fr\/wp-json\/wp\/v2\/types\/page"}],"author":[{"embeddable":true,"href":"https:\/\/santemontroyal.com\/fr\/wp-json\/wp\/v2\/users\/1"}],"replies":[{"embeddable":true,"href":"https:\/\/santemontroyal.com\/fr\/wp-json\/wp\/v2\/comments?post=1859"}],"version-history":[{"count":5,"href":"https:\/\/santemontroyal.com\/fr\/wp-json\/wp\/v2\/pages\/1859\/revisions"}],"predecessor-version":[{"id":3083,"href":"https:\/\/santemontroyal.com\/fr\/wp-json\/wp\/v2\/pages\/1859\/revisions\/3083"}],"wp:featuredmedia":[{"embeddable":true,"href":"https:\/\/santemontroyal.com\/fr\/wp-json\/wp\/v2\/media\/1976"}],"wp:attachment":[{"href":"https:\/\/santemontroyal.com\/fr\/wp-json\/wp\/v2\/media?parent=1859"}],"curies":[{"name":"wp","href":"https:\/\/api.w.org\/{rel}","templated":true}]}}