{"id":1849,"date":"2024-04-17T13:51:08","date_gmt":"2024-04-17T17:51:08","guid":{"rendered":"https:\/\/santemontroyal.com\/rendez-vous-soins-urgents\/"},"modified":"2025-01-06T15:52:26","modified_gmt":"2025-01-06T20:52:26","slug":"rendez-vous-soins-urgents","status":"publish","type":"page","link":"https:\/\/santemontroyal.com\/fr\/rendez-vous-soins-urgents\/","title":{"rendered":"Rendez-vous : Clinique d&rsquo;urgence"},"content":{"rendered":"\t\t<div data-elementor-type=\"wp-page\" data-elementor-id=\"1849\" class=\"elementor elementor-1849 elementor-1280\" data-elementor-post-type=\"page\">\n\t\t\t\t<div class=\"elementor-element elementor-element-fe53d28 e-flex e-con-boxed e-con e-parent\" data-id=\"fe53d28\" data-element_type=\"container\" data-e-type=\"container\">\n\t\t\t\t\t<div class=\"e-con-inner\">\n\t\t\t\t<div class=\"elementor-element elementor-element-b524bc1 elementor-widget elementor-widget-heading\" data-id=\"b524bc1\" data-element_type=\"widget\" data-e-type=\"widget\" data-widget_type=\"heading.default\">\n\t\t\t\t<div class=\"elementor-widget-container\">\n\t\t\t\t\t<h1 class=\"elementor-heading-title elementor-size-default\">Clinique d'urgence<\/h1>\t\t\t\t<\/div>\n\t\t\t\t<\/div>\n\t\t\t\t<div class=\"elementor-element elementor-element-89e350b elementor-align-center elementor-widget elementor-widget-button\" data-id=\"89e350b\" data-element_type=\"widget\" data-e-type=\"widget\" data-widget_type=\"button.default\">\n\t\t\t\t<div class=\"elementor-widget-container\">\n\t\t\t\t\t\t\t\t\t<div class=\"elementor-button-wrapper\">\n\t\t\t\t\t<a class=\"elementor-button elementor-button-link elementor-size-sm\" href=\"https:\/\/santemontroyal.com\/avertissement-concernant-les-reservations-de-tiers\/\">\n\t\t\t\t\t\t<span class=\"elementor-button-content-wrapper\">\n\t\t\t\t\t\t\t\t\t<span class=\"elementor-button-text\">R\u00e9server en ligne \u27f6<\/span>\n\t\t\t\t\t<\/span>\n\t\t\t\t\t<\/a>\n\t\t\t\t<\/div>\n\t\t\t\t\t\t\t\t<\/div>\n\t\t\t\t<\/div>\n\t\t\t\t\t<\/div>\n\t\t\t\t<\/div>\n\t\t<div class=\"elementor-element elementor-element-a0deb7d e-con-full e-flex e-con e-parent\" data-id=\"a0deb7d\" data-element_type=\"container\" data-e-type=\"container\" id=\"appointments\">\n\t\t<div class=\"elementor-element elementor-element-065acba e-con-full e-flex e-con e-child\" data-id=\"065acba\" data-element_type=\"container\" data-e-type=\"container\">\n\t\t\t\t<div class=\"elementor-element elementor-element-c554c16 elementor-widget elementor-widget-heading\" data-id=\"c554c16\" data-element_type=\"widget\" data-e-type=\"widget\" data-widget_type=\"heading.default\">\n\t\t\t\t<div class=\"elementor-widget-container\">\n\t\t\t\t\t<h1 class=\"elementor-heading-title elementor-size-default\">Acc\u00e8s \u00e0 la clinique d'urgence<\/h1>\t\t\t\t<\/div>\n\t\t\t\t<\/div>\n\t\t\t\t<div class=\"elementor-element elementor-element-04065bb elementor-widget__width-initial elementor-widget elementor-widget-text-editor\" data-id=\"04065bb\" data-element_type=\"widget\" data-e-type=\"widget\" data-widget_type=\"text-editor.default\">\n\t\t\t\t<div class=\"elementor-widget-container\">\n\t\t\t\t\t\t\t\t\t<ul><li>Notre clinique de soins d&rsquo;urgence est ouverte <b><span style=\"text-decoration: underline;\">UNIQUEMENT<\/span> sur rendez-vous<\/b>.<\/li><li>Cette clinique est r\u00e9serv\u00e9e pour les <b>urgences mineures<\/b>.<\/li><li><strong>Il ne s&rsquo;agit PAS d&rsquo;un<\/strong> <span style=\"text-decoration: underline;\">bilan de sant\u00e9<\/span>, <span style=\"text-decoration: underline;\">d&rsquo;un suivi de routine<\/span> ou <span style=\"text-decoration: underline;\">d&rsquo;une r\u00e9vision d&rsquo;examens prescrits par un autre m\u00e9decin.<\/span><\/li><li><b>D\u00e9tails de l&rsquo;inscription :<\/b> Les rendez-vous sont lib\u00e9r\u00e9s <b>tous les soirs \u00e0 20h<\/b>. Les disponibilit\u00e9s sont les suivantes :<ul><li><b>Patients GMF :<\/b>\u00a0Les patients inscrits aupr\u00e8s d&rsquo;un m\u00e9decin de famille de notre clinique, ont un acc\u00e8s avanc\u00e9 de <span style=\"text-decoration: underline;\">48h<\/span> aux rendez-vous d&rsquo;urgence.<\/li><li><b>Patients non GMF :<\/b> pour les rendez-vous d&rsquo;urgence le\u00a0<u>lendemain<\/u>.<\/li><\/ul><\/li><\/ul><div>\u00a0<\/div><ul><li><strong>Les rendez-vous DOIVENT \u00eatre pris au nom du patient qui demande la consultation urgente.\u00a0 <span style=\"text-decoration: underline;\">Dans le cas contraire, le rendez-vous sera annul\u00e9.<\/span><\/strong><\/li><\/ul>\t\t\t\t\t\t\t\t<\/div>\n\t\t\t\t<\/div>\n\t\t\t\t<\/div>\n\t\t<div class=\"elementor-element elementor-element-7ad64a4 e-con-full e-flex e-con e-child\" data-id=\"7ad64a4\" data-element_type=\"container\" data-e-type=\"container\">\n\t\t\t\t<div class=\"elementor-element elementor-element-8c098ad elementor-widget elementor-widget-heading\" data-id=\"8c098ad\" data-element_type=\"widget\" data-e-type=\"widget\" data-widget_type=\"heading.default\">\n\t\t\t\t<div class=\"elementor-widget-container\">\n\t\t\t\t\t<h1 class=\"elementor-heading-title elementor-size-default\">\u00c0 noter :<\/h1>\t\t\t\t<\/div>\n\t\t\t\t<\/div>\n\t\t\t\t<div class=\"elementor-element elementor-element-dcac39d elementor-widget__width-initial elementor-widget elementor-widget-text-editor\" data-id=\"dcac39d\" data-element_type=\"widget\" data-e-type=\"widget\" data-widget_type=\"text-editor.default\">\n\t\t\t\t<div class=\"elementor-widget-container\">\n\t\t\t\t\t\t\t\t\t<ul><li>Notre clinique d&rsquo;urgence est ouverte<span style=\"text-decoration: underline;\"><strong> 7 jours sur 7, incluant les jours f\u00e9ri\u00e9s<\/strong><\/span>.<\/li><\/ul><div>\u00a0<\/div><ul><li>Si vous n&rsquo;\u00eates <strong>pas couvert par la RAMQ<\/strong> (touristes, \u00e9tudiants \u00e9trangers, hors province), veuillez appeler le 514-819-6649 pour prendre rendez-vous ou le 811 option 3.<\/li><\/ul><div>\u00a0<\/div><ul><li><strong>Pour annuler un rendez-vous<\/strong>, veuillez envoyer un courriel \u00e0 <a href=\"mailto:reception@santemontroyal.com\">reception@santemontroyal.com<\/a>.<\/li><\/ul><div>\u00a0<\/div><ul><li><strong>Des frais de 40$ seront appliqu\u00e9s pour tout rendez-vous manqu\u00e9, sans pr\u00e9avis de 2 heures.<\/strong><\/li><\/ul>\t\t\t\t\t\t\t\t<\/div>\n\t\t\t\t<\/div>\n\t\t\t\t<\/div>\n\t\t\t\t<\/div>\n\t\t<div class=\"elementor-element elementor-element-c985756 e-flex e-con-boxed e-con e-parent\" data-id=\"c985756\" data-element_type=\"container\" data-e-type=\"container\" id=\"services\">\n\t\t\t\t\t<div class=\"e-con-inner\">\n\t\t<div class=\"elementor-element elementor-element-5aad801 e-con-full e-flex e-con e-child\" data-id=\"5aad801\" data-element_type=\"container\" data-e-type=\"container\">\n\t\t\t\t<div class=\"elementor-element elementor-element-adb5cd9 elementor-widget elementor-widget-heading\" data-id=\"adb5cd9\" data-element_type=\"widget\" data-e-type=\"widget\" data-widget_type=\"heading.default\">\n\t\t\t\t<div class=\"elementor-widget-container\">\n\t\t\t\t\t<h1 class=\"elementor-heading-title elementor-size-default\">Notre clinique d\u2019urgence est un service offert aux patients du GMF et au grand public, qui permet \u00e0 chacun, quel que soit son \u00e2ge, de consulter un m\u00e9decin pour des urgences mineures, 365 jours par an.<\/h1>\t\t\t\t<\/div>\n\t\t\t\t<\/div>\n\t\t\t\t<\/div>\n\t\t<div class=\"elementor-element elementor-element-b9738fb e-con-full e-flex e-con e-child\" data-id=\"b9738fb\" data-element_type=\"container\" data-e-type=\"container\">\n\t\t\t\t<div class=\"elementor-element elementor-element-9fff128 elementor-widget__width-initial elementor-widget elementor-widget-text-editor\" data-id=\"9fff128\" data-element_type=\"widget\" data-e-type=\"widget\" data-widget_type=\"text-editor.default\">\n\t\t\t\t<div class=\"elementor-widget-container\">\n\t\t\t\t\t\t\t\t\t<p>Nous offrons les services suivants sur place, <u>par rendez-vous<\/u> :<\/p>\t\t\t\t\t\t\t\t<\/div>\n\t\t\t\t<\/div>\n\t\t<div class=\"elementor-element elementor-element-48577c4 e-flex e-con-boxed e-con e-child\" data-id=\"48577c4\" data-element_type=\"container\" data-e-type=\"container\">\n\t\t\t\t\t<div class=\"e-con-inner\">\n\t\t\t\t<div class=\"elementor-element elementor-element-38f6165 elementor-widget elementor-widget-heading\" data-id=\"38f6165\" data-element_type=\"widget\" data-e-type=\"widget\" data-widget_type=\"heading.default\">\n\t\t\t\t<div class=\"elementor-widget-container\">\n\t\t\t\t\t<h2 class=\"elementor-heading-title elementor-size-default\">R\u00e9paration des lac\u00e9rations<\/h2>\t\t\t\t<\/div>\n\t\t\t\t<\/div>\n\t\t\t\t\t<\/div>\n\t\t\t\t<\/div>\n\t\t<div class=\"elementor-element elementor-element-305a382 e-flex e-con-boxed e-con e-child\" data-id=\"305a382\" data-element_type=\"container\" data-e-type=\"container\">\n\t\t\t\t\t<div class=\"e-con-inner\">\n\t\t\t\t<div class=\"elementor-element elementor-element-58d6ffe elementor-widget elementor-widget-heading\" data-id=\"58d6ffe\" data-element_type=\"widget\" data-e-type=\"widget\" data-widget_type=\"heading.default\">\n\t\t\t\t<div class=\"elementor-widget-container\">\n\t\t\t\t\t<h4 class=\"elementor-heading-title elementor-size-default\">\u00c9lectrocardiogrammes (ECG)<\/h4>\t\t\t\t<\/div>\n\t\t\t\t<\/div>\n\t\t\t\t\t<\/div>\n\t\t\t\t<\/div>\n\t\t<div class=\"elementor-element elementor-element-acc35c4 e-flex e-con-boxed e-con e-child\" data-id=\"acc35c4\" data-element_type=\"container\" data-e-type=\"container\">\n\t\t\t\t\t<div class=\"e-con-inner\">\n\t\t\t\t<div class=\"elementor-element elementor-element-b44dec5 elementor-widget elementor-widget-heading\" data-id=\"b44dec5\" data-element_type=\"widget\" data-e-type=\"widget\" data-widget_type=\"heading.default\">\n\t\t\t\t<div class=\"elementor-widget-container\">\n\t\t\t\t\t<h4 class=\"elementor-heading-title elementor-size-default\">Attelles amovibles<\/h4>\t\t\t\t<\/div>\n\t\t\t\t<\/div>\n\t\t\t\t\t<\/div>\n\t\t\t\t<\/div>\n\t\t<div class=\"elementor-element elementor-element-582ea9c e-flex e-con-boxed e-con e-child\" data-id=\"582ea9c\" data-element_type=\"container\" data-e-type=\"container\">\n\t\t\t\t\t<div class=\"e-con-inner\">\n\t\t\t\t<div class=\"elementor-element elementor-element-5833641 elementor-widget elementor-widget-heading\" data-id=\"5833641\" data-element_type=\"widget\" data-e-type=\"widget\" data-widget_type=\"heading.default\">\n\t\t\t\t<div class=\"elementor-widget-container\">\n\t\t\t\t\t<h4 class=\"elementor-heading-title elementor-size-default\">Azote liquide<\/h4>\t\t\t\t<\/div>\n\t\t\t\t<\/div>\n\t\t\t\t\t<\/div>\n\t\t\t\t<\/div>\n\t\t<div class=\"elementor-element elementor-element-671ec95 e-flex e-con-boxed e-con e-child\" data-id=\"671ec95\" data-element_type=\"container\" data-e-type=\"container\">\n\t\t\t\t\t<div class=\"e-con-inner\">\n\t\t\t\t<div class=\"elementor-element elementor-element-1f7349d elementor-widget elementor-widget-heading\" data-id=\"1f7349d\" data-element_type=\"widget\" data-e-type=\"widget\" data-widget_type=\"heading.default\">\n\t\t\t\t<div class=\"elementor-widget-container\">\n\t\t\t\t\t<h4 class=\"elementor-heading-title elementor-size-default\">Incision et drainage de l'abc\u00e8s<\/h4>\t\t\t\t<\/div>\n\t\t\t\t<\/div>\n\t\t\t\t\t<\/div>\n\t\t\t\t<\/div>\n\t\t<div class=\"elementor-element elementor-element-1f162cf e-flex e-con-boxed e-con e-child\" data-id=\"1f162cf\" data-element_type=\"container\" data-e-type=\"container\">\n\t\t\t\t\t<div class=\"e-con-inner\">\n\t\t\t\t<div class=\"elementor-element elementor-element-fc1c153 elementor-widget elementor-widget-heading\" data-id=\"fc1c153\" data-element_type=\"widget\" data-e-type=\"widget\" data-widget_type=\"heading.default\">\n\t\t\t\t<div class=\"elementor-widget-container\">\n\t\t\t\t\t<h4 class=\"elementor-heading-title elementor-size-default\">Injections (de certaines bourses et articulations)<\/h4>\t\t\t\t<\/div>\n\t\t\t\t<\/div>\n\t\t\t\t\t<\/div>\n\t\t\t\t<\/div>\n\t\t\t\t<\/div>\n\t\t\t\t\t<\/div>\n\t\t\t\t<\/div>\n\t\t<div class=\"elementor-element elementor-element-e7826a4 e-flex e-con-boxed e-con e-parent\" data-id=\"e7826a4\" data-element_type=\"container\" data-e-type=\"container\">\n\t\t\t\t\t<div class=\"e-con-inner\">\n\t\t\t\t\t<\/div>\n\t\t\t\t<\/div>\n\t\t\t\t<\/div>\n\t\t","protected":false},"excerpt":{"rendered":"<p>Soins urgents<\/p>\n","protected":false},"author":1,"featured_media":1976,"parent":0,"menu_order":0,"comment_status":"closed","ping_status":"closed","template":"elementor_header_footer","meta":{"footnotes":""},"class_list":["post-1849","page","type-page","status-publish","has-post-thumbnail","hentry"],"_links":{"self":[{"href":"https:\/\/santemontroyal.com\/fr\/wp-json\/wp\/v2\/pages\/1849","targetHints":{"allow":["GET"]}}],"collection":[{"href":"https:\/\/santemontroyal.com\/fr\/wp-json\/wp\/v2\/pages"}],"about":[{"href":"https:\/\/santemontroyal.com\/fr\/wp-json\/wp\/v2\/types\/page"}],"author":[{"embeddable":true,"href":"https:\/\/santemontroyal.com\/fr\/wp-json\/wp\/v2\/users\/1"}],"replies":[{"embeddable":true,"href":"https:\/\/santemontroyal.com\/fr\/wp-json\/wp\/v2\/comments?post=1849"}],"version-history":[{"count":5,"href":"https:\/\/santemontroyal.com\/fr\/wp-json\/wp\/v2\/pages\/1849\/revisions"}],"predecessor-version":[{"id":3079,"href":"https:\/\/santemontroyal.com\/fr\/wp-json\/wp\/v2\/pages\/1849\/revisions\/3079"}],"wp:featuredmedia":[{"embeddable":true,"href":"https:\/\/santemontroyal.com\/fr\/wp-json\/wp\/v2\/media\/1976"}],"wp:attachment":[{"href":"https:\/\/santemontroyal.com\/fr\/wp-json\/wp\/v2\/media?parent=1849"}],"curies":[{"name":"wp","href":"https:\/\/api.w.org\/{rel}","templated":true}]}}