{"id":1836,"date":"2024-04-17T14:44:16","date_gmt":"2024-04-17T18:44:16","guid":{"rendered":"https:\/\/santemontroyal.com\/annulation-dun-rendez-vous\/"},"modified":"2024-05-21T17:12:51","modified_gmt":"2024-05-21T21:12:51","slug":"annulation-dun-rendez-vous","status":"publish","type":"page","link":"https:\/\/santemontroyal.com\/fr\/annulation-dun-rendez-vous\/","title":{"rendered":"Annulation d&rsquo;un rendez-vous"},"content":{"rendered":"\t\t<div data-elementor-type=\"wp-page\" data-elementor-id=\"1836\" class=\"elementor elementor-1836 elementor-1373\" data-elementor-post-type=\"page\">\n\t\t\t\t<div class=\"elementor-element elementor-element-a0deb7d e-con-full e-flex e-con e-parent\" data-id=\"a0deb7d\" data-element_type=\"container\" data-e-type=\"container\">\n\t\t<div class=\"elementor-element elementor-element-065acba e-con-full e-flex e-con e-child\" data-id=\"065acba\" data-element_type=\"container\" data-e-type=\"container\">\n\t\t\t\t<div class=\"elementor-element elementor-element-7a5b3ce elementor-widget elementor-widget-text-editor\" data-id=\"7a5b3ce\" data-element_type=\"widget\" data-e-type=\"widget\" data-widget_type=\"text-editor.default\">\n\t\t\t\t<div class=\"elementor-widget-container\">\n\t\t\t\t\t\t\t\t\t<p><strong>Pour annuler un rendez-vous, vous avez les options suivantes :<\/strong><\/p><ol><li style=\"list-style-type: none\"><ol><li>Visiter le <a href=\"https:\/\/qc.pomelo.health\/santemontroyal\/#\/\" target=\"_blank\" rel=\"noopener\">portail des patients<\/a><\/li><li>Envoyer un courriel \u00e0 <a href=\"mailto:reception@santemontroyal.com\">reception@santemontroyal.com<\/a><\/li><li>Appeler <strong>(514) 819-6649<\/strong><\/li><\/ol><\/li><\/ol><p>\u00a0<\/p>\t\t\t\t\t\t\t\t<\/div>\n\t\t\t\t<\/div>\n\t\t\t\t<\/div>\n\t\t<div class=\"elementor-element elementor-element-f731370 e-con-full e-flex e-con e-child\" data-id=\"f731370\" data-element_type=\"container\" data-e-type=\"container\">\n\t\t\t\t<div class=\"elementor-element elementor-element-e98c72d elementor-align-center elementor-widget elementor-widget-button\" data-id=\"e98c72d\" data-element_type=\"widget\" data-e-type=\"widget\" data-widget_type=\"button.default\">\n\t\t\t\t<div class=\"elementor-widget-container\">\n\t\t\t\t\t\t\t\t\t<div class=\"elementor-button-wrapper\">\n\t\t\t\t\t<a class=\"elementor-button elementor-button-link elementor-size-sm\" href=\"https:\/\/qc.pomelo.health\/santemontroyal\/#\/\" target=\"_blank\">\n\t\t\t\t\t\t<span class=\"elementor-button-content-wrapper\">\n\t\t\t\t\t\t\t\t\t<span class=\"elementor-button-text\">Annuler par le portail des patients \u27f6<\/span>\n\t\t\t\t\t<\/span>\n\t\t\t\t\t<\/a>\n\t\t\t\t<\/div>\n\t\t\t\t\t\t\t\t<\/div>\n\t\t\t\t<\/div>\n\t\t\t\t<div class=\"elementor-element elementor-element-92607fb elementor-align-center elementor-widget elementor-widget-button\" data-id=\"92607fb\" data-element_type=\"widget\" data-e-type=\"widget\" data-widget_type=\"button.default\">\n\t\t\t\t<div class=\"elementor-widget-container\">\n\t\t\t\t\t\t\t\t\t<div class=\"elementor-button-wrapper\">\n\t\t\t\t\t<a class=\"elementor-button elementor-button-link elementor-size-sm\" href=\"mailto:reception@santemontroyal.com\">\n\t\t\t\t\t\t<span class=\"elementor-button-content-wrapper\">\n\t\t\t\t\t\t\t\t\t<span class=\"elementor-button-text\">Annuler par courriel \u27f6<\/span>\n\t\t\t\t\t<\/span>\n\t\t\t\t\t<\/a>\n\t\t\t\t<\/div>\n\t\t\t\t\t\t\t\t<\/div>\n\t\t\t\t<\/div>\n\t\t\t\t<\/div>\n\t\t<div class=\"elementor-element elementor-element-3070b54 e-con-full e-flex e-con e-child\" data-id=\"3070b54\" data-element_type=\"container\" data-e-type=\"container\">\n\t\t\t\t<div class=\"elementor-element elementor-element-73bbbc5 elementor-widget elementor-widget-text-editor\" data-id=\"73bbbc5\" data-element_type=\"widget\" data-e-type=\"widget\" data-widget_type=\"text-editor.default\">\n\t\t\t\t<div class=\"elementor-widget-container\">\n\t\t\t\t\t\t\t\t\t<h3><span style=\"color: #ff0000;\">A noter :<\/span><\/h3><p><strong>Rendez-vous en clinique d&rsquo;ugence :<br \/><\/strong>Des <b>frais de 40 $<\/b> seront appliqu\u00e9s pour tout rendez-vous manqu\u00e9, sans pr\u00e9avis de <b>2 heures<\/b>.<\/p><p><strong>Rendez-vous en m\u00e9decine familiale et en m\u00e9decine sp\u00e9cialis\u00e9e :<br \/><\/strong>Des <b>frais de 40 $<\/b> seront appliqu\u00e9s pour tout rendez-vous manqu\u00e9, sans pr\u00e9avis de <b>24 heures<\/b>.<\/p>\t\t\t\t\t\t\t\t<\/div>\n\t\t\t\t<\/div>\n\t\t\t\t<\/div>\n\t\t\t\t<\/div>\n\t\t\t\t<\/div>\n\t\t","protected":false},"excerpt":{"rendered":"<p>Annulation d&rsquo;un rendez-vous<\/p>\n","protected":false},"author":1,"featured_media":1976,"parent":0,"menu_order":0,"comment_status":"closed","ping_status":"closed","template":"elementor_theme","meta":{"footnotes":""},"class_list":["post-1836","page","type-page","status-publish","has-post-thumbnail","hentry"],"_links":{"self":[{"href":"https:\/\/santemontroyal.com\/fr\/wp-json\/wp\/v2\/pages\/1836","targetHints":{"allow":["GET"]}}],"collection":[{"href":"https:\/\/santemontroyal.com\/fr\/wp-json\/wp\/v2\/pages"}],"about":[{"href":"https:\/\/santemontroyal.com\/fr\/wp-json\/wp\/v2\/types\/page"}],"author":[{"embeddable":true,"href":"https:\/\/santemontroyal.com\/fr\/wp-json\/wp\/v2\/users\/1"}],"replies":[{"embeddable":true,"href":"https:\/\/santemontroyal.com\/fr\/wp-json\/wp\/v2\/comments?post=1836"}],"version-history":[{"count":0,"href":"https:\/\/santemontroyal.com\/fr\/wp-json\/wp\/v2\/pages\/1836\/revisions"}],"wp:featuredmedia":[{"embeddable":true,"href":"https:\/\/santemontroyal.com\/fr\/wp-json\/wp\/v2\/media\/1976"}],"wp:attachment":[{"href":"https:\/\/santemontroyal.com\/fr\/wp-json\/wp\/v2\/media?parent=1836"}],"curies":[{"name":"wp","href":"https:\/\/api.w.org\/{rel}","templated":true}]}}