{"id":1832,"date":"2024-02-02T15:42:39","date_gmt":"2024-02-02T20:42:39","guid":{"rendered":"https:\/\/santemontroyal.com\/politiques-de-la-clinique\/"},"modified":"2024-06-01T14:46:58","modified_gmt":"2024-06-01T18:46:58","slug":"politiques-de-la-clinique","status":"publish","type":"page","link":"https:\/\/santemontroyal.com\/fr\/politiques-de-la-clinique\/","title":{"rendered":"Politiques de la clinique"},"content":{"rendered":"\t\t<div data-elementor-type=\"wp-page\" data-elementor-id=\"1832\" class=\"elementor elementor-1832 elementor-884\" data-elementor-post-type=\"page\">\n\t\t\t\t<div class=\"elementor-element elementor-element-fe53d28 e-flex e-con-boxed e-con e-parent\" data-id=\"fe53d28\" data-element_type=\"container\" data-e-type=\"container\">\n\t\t\t\t\t<div class=\"e-con-inner\">\n\t\t<div class=\"elementor-element elementor-element-fa93476 e-con-full e-flex e-con e-child\" data-id=\"fa93476\" data-element_type=\"container\" data-e-type=\"container\">\n\t\t<div class=\"elementor-element elementor-element-64d7fec e-con-full e-flex e-con e-child\" data-id=\"64d7fec\" data-element_type=\"container\" data-e-type=\"container\" data-settings=\"{&quot;background_background&quot;:&quot;classic&quot;,&quot;motion_fx_motion_fx_scrolling&quot;:&quot;yes&quot;,&quot;motion_fx_translateY_effect&quot;:&quot;yes&quot;,&quot;motion_fx_translateY_direction&quot;:&quot;negative&quot;,&quot;motion_fx_translateY_speed&quot;:{&quot;unit&quot;:&quot;px&quot;,&quot;size&quot;:&quot;1&quot;,&quot;sizes&quot;:[]},&quot;motion_fx_devices&quot;:[&quot;desktop&quot;,&quot;tablet&quot;],&quot;motion_fx_translateY_affectedRange&quot;:{&quot;unit&quot;:&quot;%&quot;,&quot;size&quot;:&quot;&quot;,&quot;sizes&quot;:{&quot;start&quot;:0,&quot;end&quot;:100}}}\">\n\t\t<div class=\"elementor-element elementor-element-e08e06f e-con-full e-flex e-con e-child\" data-id=\"e08e06f\" data-element_type=\"container\" data-e-type=\"container\" data-settings=\"{&quot;background_background&quot;:&quot;classic&quot;}\">\n\t\t\t\t<div class=\"elementor-element elementor-element-b524bc1 elementor-widget elementor-widget-heading\" data-id=\"b524bc1\" data-element_type=\"widget\" data-e-type=\"widget\" data-widget_type=\"heading.default\">\n\t\t\t\t<div class=\"elementor-widget-container\">\n\t\t\t\t\t<h1 class=\"elementor-heading-title elementor-size-default\">Politiques de la clinique<\/h1>\t\t\t\t<\/div>\n\t\t\t\t<\/div>\n\t\t\t\t<\/div>\n\t\t\t\t<\/div>\n\t\t\t\t<\/div>\n\t\t\t\t\t<\/div>\n\t\t\t\t<\/div>\n\t\t<div class=\"elementor-element elementor-element-a0deb7d e-con-full e-flex e-con e-parent\" data-id=\"a0deb7d\" data-element_type=\"container\" data-e-type=\"container\">\n\t\t<div class=\"elementor-element elementor-element-065acba e-con-full e-flex e-con e-child\" data-id=\"065acba\" data-element_type=\"container\" data-e-type=\"container\">\n\t\t\t\t<div class=\"elementor-element elementor-element-7a5b3ce elementor-widget elementor-widget-text-editor\" data-id=\"7a5b3ce\" data-element_type=\"widget\" data-e-type=\"widget\" data-widget_type=\"text-editor.default\">\n\t\t\t\t<div class=\"elementor-widget-container\">\n\t\t\t\t\t\t\t\t\t<p><strong>Rendez-vous manqu\u00e9 :<br \/><\/strong><\/p><ul><li><strong>Clinique D\u2019Urgence :<\/strong>\u00a0Des <b>frais de 40 $<\/b> seront appliqu\u00e9s pour tout rendez-vous manqu\u00e9, sans pr\u00e9avis de <b>2 heures<\/b>.<\/li><li><strong>M\u00e9decine familiale et sp\u00e9cialistes :<\/strong> Des <b>frais de 40 $<\/b>\u00a0 seront appliqu\u00e9s pour tout rendez-vous manqu\u00e9, sans pr\u00e9avis de <b>24 heures<\/b>.<\/li><\/ul><p><strong>\u00a0<\/strong><\/p><p><strong>Arriv\u00e9e tardive :<\/strong><\/p><ul><li>Il est toujours appr\u00e9ci\u00e9 de nous aviser de votre retard en t\u00e9l\u00e9phonant au <strong>(514) 819-6649<\/strong> ou en nous envoyant un courriel \u00e0 <a href=\"mailto:reception@santemontroyal.com\">reception@santemontroyal.com<\/a>.<\/li><li>Si vous arrivez plus de <span style=\"text-decoration: underline;\"><strong>15 minutes<\/strong><\/span> apr\u00e8s l&rsquo;heure pr\u00e9vue de votre rendez-vous, nous ne pouvons pas garantir que vous serez vu. Votre professionnel de la sant\u00e9 d\u00e9cidera au moment de votre arriv\u00e9e s&rsquo;il est en mesure de vous recevoir.<\/li><\/ul><p>\u00a0<\/p><p><strong>Respect mutuel :<\/strong><\/p><ul><li>Sant\u00e9 Mont-Royal applique une politique de tol\u00e9rance z\u00e9ro.<\/li><li>Le personnel a droit \u00e0 un environnement de travail s\u00e9curitaire et respectueux.<\/li><li>Les comportements violents \u00e0 l&rsquo;\u00e9gard du personnel de ce bureau ne seront pas tol\u00e9r\u00e9s. Il vous sera demand\u00e9 de quitter les lieux.<\/li><li>Les abus verbaux et le harc\u00e8lement du personnel ne sont pas tol\u00e9r\u00e9s. Cela inclut les cris, les jurons et tout autre comportement abusif.<\/li><li>Vous risquez d&rsquo;annuler votre rendez-vous et d&rsquo;en informer votre professionnel de la sant\u00e9.<\/li><li>Tout abus verbal ou harc\u00e8lement du personnel par t\u00e9l\u00e9phone peut entra\u00eener la coupure de l&rsquo;appel.<\/li><\/ul><p>\u00a0<\/p><p><strong>La protection de la vie priv\u00e9e :<\/strong><\/p><p>Notre politique en mati\u00e8re de protection de la vie priv\u00e9e et de confidentialit\u00e9 peut \u00eatre consult\u00e9e sur le lien suivant : <a href=\"https:\/\/santemontroyal.com\/privacy-policy\/\">https:\/\/santemontroyal.com\/privacy-policy\/<\/a><\/p>\t\t\t\t\t\t\t\t<\/div>\n\t\t\t\t<\/div>\n\t\t\t\t<\/div>\n\t\t\t\t<\/div>\n\t\t\t\t<\/div>\n\t\t","protected":false},"excerpt":{"rendered":"<p>Politiques de la clinique<\/p>\n","protected":false},"author":1,"featured_media":1976,"parent":0,"menu_order":0,"comment_status":"closed","ping_status":"closed","template":"elementor_header_footer","meta":{"footnotes":""},"class_list":["post-1832","page","type-page","status-publish","has-post-thumbnail","hentry"],"_links":{"self":[{"href":"https:\/\/santemontroyal.com\/fr\/wp-json\/wp\/v2\/pages\/1832","targetHints":{"allow":["GET"]}}],"collection":[{"href":"https:\/\/santemontroyal.com\/fr\/wp-json\/wp\/v2\/pages"}],"about":[{"href":"https:\/\/santemontroyal.com\/fr\/wp-json\/wp\/v2\/types\/page"}],"author":[{"embeddable":true,"href":"https:\/\/santemontroyal.com\/fr\/wp-json\/wp\/v2\/users\/1"}],"replies":[{"embeddable":true,"href":"https:\/\/santemontroyal.com\/fr\/wp-json\/wp\/v2\/comments?post=1832"}],"version-history":[{"count":3,"href":"https:\/\/santemontroyal.com\/fr\/wp-json\/wp\/v2\/pages\/1832\/revisions"}],"predecessor-version":[{"id":2494,"href":"https:\/\/santemontroyal.com\/fr\/wp-json\/wp\/v2\/pages\/1832\/revisions\/2494"}],"wp:featuredmedia":[{"embeddable":true,"href":"https:\/\/santemontroyal.com\/fr\/wp-json\/wp\/v2\/media\/1976"}],"wp:attachment":[{"href":"https:\/\/santemontroyal.com\/fr\/wp-json\/wp\/v2\/media?parent=1832"}],"curies":[{"name":"wp","href":"https:\/\/api.w.org\/{rel}","templated":true}]}}