{"id":1815,"date":"2024-05-14T16:08:45","date_gmt":"2024-05-14T20:08:45","guid":{"rendered":"https:\/\/santemontroyal.com\/nos-services\/infirmieres-du-gmf\/"},"modified":"2024-05-15T15:20:37","modified_gmt":"2024-05-15T19:20:37","slug":"infirmieres-du-gmf","status":"publish","type":"page","link":"https:\/\/santemontroyal.com\/fr\/nos-services\/infirmieres-du-gmf\/","title":{"rendered":"Infirmi\u00e8res du GMF"},"content":{"rendered":"\t\t<div data-elementor-type=\"wp-page\" data-elementor-id=\"1815\" class=\"elementor elementor-1815 elementor-1793\" data-elementor-post-type=\"page\">\n\t\t\t\t<div class=\"elementor-element elementor-element-fe53d28 e-flex e-con-boxed e-con e-parent\" data-id=\"fe53d28\" data-element_type=\"container\" data-e-type=\"container\">\n\t\t\t\t\t<div class=\"e-con-inner\">\n\t\t\t\t<div class=\"elementor-element elementor-element-b524bc1 elementor-widget elementor-widget-heading\" data-id=\"b524bc1\" data-element_type=\"widget\" data-e-type=\"widget\" data-widget_type=\"heading.default\">\n\t\t\t\t<div class=\"elementor-widget-container\">\n\t\t\t\t\t<h1 class=\"elementor-heading-title elementor-size-default\">Infirmi\u00e8res du GMF<\/h1>\t\t\t\t<\/div>\n\t\t\t\t<\/div>\n\t\t\t\t\t<\/div>\n\t\t\t\t<\/div>\n\t\t<div class=\"elementor-element elementor-element-dce3d95 e-flex e-con-boxed e-con e-parent\" data-id=\"dce3d95\" data-element_type=\"container\" data-e-type=\"container\">\n\t\t\t\t\t<div class=\"e-con-inner\">\n\t\t<div class=\"elementor-element elementor-element-7798b3e e-flex e-con-boxed e-con e-child\" data-id=\"7798b3e\" data-element_type=\"container\" data-e-type=\"container\">\n\t\t\t\t\t<div class=\"e-con-inner\">\n\t\t\t\t<div class=\"elementor-element elementor-element-95c29fe elementor-widget elementor-widget-text-editor\" data-id=\"95c29fe\" data-element_type=\"widget\" data-e-type=\"widget\" data-widget_type=\"text-editor.default\">\n\t\t\t\t<div class=\"elementor-widget-container\">\n\t\t\t\t\t\t\t\t\t<p>Nos infirmi\u00e8res cliniciennes travaillent en \u00e9troite collaboration avec votre m\u00e9decin de famille, dans le cadre des soins qu&rsquo;il prodigue \u00e0 ses patients.<\/p>\n<p>Sur recommandation de l&rsquo;un de nos m\u00e9decins, les patients inscrits au GMF, peuvent b\u00e9n\u00e9ficier de services concernant divers probl\u00e8mes de sant\u00e9, notamment le diab\u00e8te, l&rsquo;hypertension art\u00e9rielle, les probl\u00e8mes de cholest\u00e9rol, la m\u00e9dication, le suivi des maladies chroniques, ainsi que des tests PAP.<\/p>\n<p>Les infirmi\u00e8res proposent \u00e9galement des tests de diagnostic pour le d\u00e9pistage des troubles cognitifs, des difficult\u00e9s de m\u00e9moire, des conseils et un enseignement sur les infections sexuellement transmissibles, la contraception et le d\u00e9veloppement de l&rsquo;enfant (0-5 ans).<\/p>\n\t\t\t\t\t\t\t\t<\/div>\n\t\t\t\t<\/div>\n\t\t\t\t<div class=\"elementor-element elementor-element-46e84a3 elementor-widget elementor-widget-text-editor\" data-id=\"46e84a3\" data-element_type=\"widget\" data-e-type=\"widget\" data-widget_type=\"text-editor.default\">\n\t\t\t\t<div class=\"elementor-widget-container\">\n\t\t\t\t\t\t\t\t\t<p><strong>Pour prendre un rendez-vous pour l&rsquo;un des services suivants, veuillez envoyer un courriel \u00e0 nos infirmi\u00e8res \u00e0 l&rsquo;adresse <a href=\"mailto:infirmieresgmf@santemontroyal.com\">infirmieresgmf@santemontroyal.com<\/a><\/strong><\/p><ul><li>Visites p\u00e9diatriques (0-5 ans)<\/li><li>Vaccinations p\u00e9diatriques<\/li><li>Vaccinations<\/li><li>Votre m\u00e9decin a demand\u00e9 \u00e0 l&rsquo;infirmi\u00e8re d&rsquo;effectuer un test sp\u00e9cifique, il vous contactera pour prendre rendez-vous.<\/li><\/ul>\t\t\t\t\t\t\t\t<\/div>\n\t\t\t\t<\/div>\n\t\t\t\t<div class=\"elementor-element elementor-element-c1abeda elementor-widget elementor-widget-text-editor\" data-id=\"c1abeda\" data-element_type=\"widget\" data-e-type=\"widget\" data-widget_type=\"text-editor.default\">\n\t\t\t\t<div class=\"elementor-widget-container\">\n\t\t\t\t\t\t\t\t\t<p><b>Veuillez noter que nos infirmi\u00e8res <span style=\"text-decoration: underline;\">ne font pas<\/span> ce qui suit :<\/b><\/p>\n<ul>\n<li>Prendre des rendez-vous en m\u00e9decine familiale.<\/li>\n<li>Renouveler les ordonnances.<\/li>\n<li>Copies des r\u00e9sultats\/rapports.<\/li>\n<li>Le statut des rendez-vous avec les sp\u00e9cialistes\/cliniques.<\/li>\n<li>Statut des formulaires m\u00e9dicaux.<\/li>\n<\/ul>\n<div> <\/div>\t\t\t\t\t\t\t\t<\/div>\n\t\t\t\t<\/div>\n\t\t\t\t<div class=\"elementor-element elementor-element-d4ec0ea elementor-widget elementor-widget-text-editor\" data-id=\"d4ec0ea\" data-element_type=\"widget\" data-e-type=\"widget\" data-widget_type=\"text-editor.default\">\n\t\t\t\t<div class=\"elementor-widget-container\">\n\t\t\t\t\t\t\t\t\t<p><strong>Tout courriel ou message laiss\u00e9 \u00e0 ce sujet restera <span style=\"text-decoration: underline;\">sans r\u00e9ponse<\/span>.<\/strong><\/p>\n\t\t\t\t\t\t\t\t<\/div>\n\t\t\t\t<\/div>\n\t\t\t\t\t<\/div>\n\t\t\t\t<\/div>\n\t\t\t\t\t<\/div>\n\t\t\t\t<\/div>\n\t\t\t\t<\/div>\n\t\t","protected":false},"excerpt":{"rendered":"<p>Infirmi\u00e8res du GMF<\/p>\n","protected":false},"author":1,"featured_media":0,"parent":1764,"menu_order":0,"comment_status":"closed","ping_status":"closed","template":"elementor_header_footer","meta":{"footnotes":""},"class_list":["post-1815","page","type-page","status-publish","hentry"],"_links":{"self":[{"href":"https:\/\/santemontroyal.com\/fr\/wp-json\/wp\/v2\/pages\/1815","targetHints":{"allow":["GET"]}}],"collection":[{"href":"https:\/\/santemontroyal.com\/fr\/wp-json\/wp\/v2\/pages"}],"about":[{"href":"https:\/\/santemontroyal.com\/fr\/wp-json\/wp\/v2\/types\/page"}],"author":[{"embeddable":true,"href":"https:\/\/santemontroyal.com\/fr\/wp-json\/wp\/v2\/users\/1"}],"replies":[{"embeddable":true,"href":"https:\/\/santemontroyal.com\/fr\/wp-json\/wp\/v2\/comments?post=1815"}],"version-history":[{"count":0,"href":"https:\/\/santemontroyal.com\/fr\/wp-json\/wp\/v2\/pages\/1815\/revisions"}],"up":[{"embeddable":true,"href":"https:\/\/santemontroyal.com\/fr\/wp-json\/wp\/v2\/pages\/1764"}],"wp:attachment":[{"href":"https:\/\/santemontroyal.com\/fr\/wp-json\/wp\/v2\/media?parent=1815"}],"curies":[{"name":"wp","href":"https:\/\/api.w.org\/{rel}","templated":true}]}}