{"id":1768,"date":"2024-02-02T16:15:51","date_gmt":"2024-02-02T21:15:51","guid":{"rendered":"https:\/\/santemontroyal.com\/radiologie\/"},"modified":"2024-06-03T10:19:29","modified_gmt":"2024-06-03T14:19:29","slug":"radiologie","status":"publish","type":"page","link":"https:\/\/santemontroyal.com\/fr\/radiologie\/","title":{"rendered":"Radiologie"},"content":{"rendered":"\t\t<div data-elementor-type=\"wp-page\" data-elementor-id=\"1768\" class=\"elementor elementor-1768 elementor-912\" data-elementor-post-type=\"page\">\n\t\t\t\t<div class=\"elementor-element elementor-element-fe53d28 e-flex e-con-boxed e-con e-parent\" data-id=\"fe53d28\" data-element_type=\"container\" data-e-type=\"container\">\n\t\t\t\t\t<div class=\"e-con-inner\">\n\t\t<div class=\"elementor-element elementor-element-fa93476 e-con-full e-flex e-con e-child\" data-id=\"fa93476\" data-element_type=\"container\" data-e-type=\"container\">\n\t\t<div class=\"elementor-element elementor-element-64d7fec e-con-full e-flex e-con e-child\" data-id=\"64d7fec\" data-element_type=\"container\" data-e-type=\"container\" data-settings=\"{&quot;background_background&quot;:&quot;classic&quot;,&quot;motion_fx_motion_fx_scrolling&quot;:&quot;yes&quot;,&quot;motion_fx_translateY_effect&quot;:&quot;yes&quot;,&quot;motion_fx_translateY_direction&quot;:&quot;negative&quot;,&quot;motion_fx_translateY_speed&quot;:{&quot;unit&quot;:&quot;px&quot;,&quot;size&quot;:&quot;1&quot;,&quot;sizes&quot;:[]},&quot;motion_fx_devices&quot;:[&quot;desktop&quot;,&quot;tablet&quot;],&quot;motion_fx_translateY_affectedRange&quot;:{&quot;unit&quot;:&quot;%&quot;,&quot;size&quot;:&quot;&quot;,&quot;sizes&quot;:{&quot;start&quot;:0,&quot;end&quot;:100}}}\">\n\t\t<div class=\"elementor-element elementor-element-e08e06f e-con-full e-flex e-con e-child\" data-id=\"e08e06f\" data-element_type=\"container\" data-e-type=\"container\" data-settings=\"{&quot;background_background&quot;:&quot;classic&quot;}\">\n\t\t\t\t<div class=\"elementor-element elementor-element-b524bc1 elementor-widget elementor-widget-heading\" data-id=\"b524bc1\" data-element_type=\"widget\" data-e-type=\"widget\" data-widget_type=\"heading.default\">\n\t\t\t\t<div class=\"elementor-widget-container\">\n\t\t\t\t\t<h1 class=\"elementor-heading-title elementor-size-default\">Radiologie<\/h1>\t\t\t\t<\/div>\n\t\t\t\t<\/div>\n\t\t\t\t<\/div>\n\t\t\t\t<\/div>\n\t\t\t\t<\/div>\n\t\t\t\t\t<\/div>\n\t\t\t\t<\/div>\n\t\t<div class=\"elementor-element elementor-element-a0deb7d e-con-full e-flex e-con e-parent\" data-id=\"a0deb7d\" data-element_type=\"container\" data-e-type=\"container\">\n\t\t<div class=\"elementor-element elementor-element-065acba e-con-full e-flex e-con e-child\" data-id=\"065acba\" data-element_type=\"container\" data-e-type=\"container\" data-settings=\"{&quot;background_background&quot;:&quot;classic&quot;}\">\n\t\t\t\t<div class=\"elementor-element elementor-element-6618320 elementor-widget elementor-widget-heading\" data-id=\"6618320\" data-element_type=\"widget\" data-e-type=\"widget\" data-widget_type=\"heading.default\">\n\t\t\t\t<div class=\"elementor-widget-container\">\n\t\t\t\t\t<h2 class=\"elementor-heading-title elementor-size-default\">Rayon-X (couvert par la RAMQ)<\/h2>\t\t\t\t<\/div>\n\t\t\t\t<\/div>\n\t\t\t\t<div class=\"elementor-element elementor-element-7a5b3ce elementor-widget elementor-widget-text-editor\" data-id=\"7a5b3ce\" data-element_type=\"widget\" data-e-type=\"widget\" data-widget_type=\"text-editor.default\">\n\t\t\t\t<div class=\"elementor-widget-container\">\n\t\t\t\t\t\t\t\t\tVeuillez apporter votre demande et votre carte d&rsquo;assurance-maladie valide \u00e0 la clinique de radiologie de\nvotre choix. AUCUN rendez-vous n&rsquo;est n\u00e9cessaire.\t\t\t\t\t\t\t\t<\/div>\n\t\t\t\t<\/div>\n\t\t\t\t<div class=\"elementor-element elementor-element-a6acfbf elementor-widget elementor-widget-heading\" data-id=\"a6acfbf\" data-element_type=\"widget\" data-e-type=\"widget\" data-widget_type=\"heading.default\">\n\t\t\t\t<div class=\"elementor-widget-container\">\n\t\t\t\t\t<h2 class=\"elementor-heading-title elementor-size-default\">\u00c9chographie (couvert par la RAMQ)<br><\/h2>\t\t\t\t<\/div>\n\t\t\t\t<\/div>\n\t\t\t\t<div class=\"elementor-element elementor-element-327db6a elementor-widget elementor-widget-text-editor\" data-id=\"327db6a\" data-element_type=\"widget\" data-e-type=\"widget\" data-widget_type=\"text-editor.default\">\n\t\t\t\t<div class=\"elementor-widget-container\">\n\t\t\t\t\t\t\t\t\tCe service est disponible dans la plupart des cliniques de radiologie, sur rendez-vous SEULEMENT. Veuillez appeler la clinique de radiologie de votre choix pour prendre rendez-vous.\t\t\t\t\t\t\t\t<\/div>\n\t\t\t\t<\/div>\n\t\t\t\t<div class=\"elementor-element elementor-element-cbbfb33 elementor-widget elementor-widget-heading\" data-id=\"cbbfb33\" data-element_type=\"widget\" data-e-type=\"widget\" data-widget_type=\"heading.default\">\n\t\t\t\t<div class=\"elementor-widget-container\">\n\t\t\t\t\t<h2 class=\"elementor-heading-title elementor-size-default\">Tomodensitom\u00e9trie (CT Scan) &amp; Imagerie par r\u00e9sonance magn\u00e9tique (IRM)<\/h2>\t\t\t\t<\/div>\n\t\t\t\t<\/div>\n\t\t\t\t<div class=\"elementor-element elementor-element-2157c16 elementor-widget elementor-widget-text-editor\" data-id=\"2157c16\" data-element_type=\"widget\" data-e-type=\"widget\" data-widget_type=\"text-editor.default\">\n\t\t\t\t<div class=\"elementor-widget-container\">\n\t\t\t\t\t\t\t\t\t<p>Ces services ne sont PAS couverts par la RAMQ et sont disponibles dans la plupart des cliniques de radiologie, sur rendez-vous SEULEMENT. Veuillez appeler la clinique de radiologie de votre choix pour vous renseigner sur les frais et prendre rendez-vous.<\/p><p>Ces tests sont \u00e9galement disponibles, couverts par la RAMQ, dans tous les h\u00f4pitaux, sur rendez-vous SEULEMENT. Veuillez appeler l&rsquo;h\u00f4pital de votre r\u00e9gion pour prendre un rendez-vous. <a href=\"https:\/\/sante.gouv.qc.ca\/repertoire-ressources\/votre-cisss-ciusss\/\" target=\"_blank\" rel=\"noopener\">Cliquez ici pour plus d&rsquo;informations<\/a>.<\/p>\t\t\t\t\t\t\t\t<\/div>\n\t\t\t\t<\/div>\n\t\t\t\t<\/div>\n\t\t<div class=\"elementor-element elementor-element-2f67eb6 e-con-full e-flex e-con e-child\" data-id=\"2f67eb6\" data-element_type=\"container\" data-e-type=\"container\" data-settings=\"{&quot;background_background&quot;:&quot;classic&quot;}\">\n\t\t\t\t<div class=\"elementor-element elementor-element-5870f9b elementor-widget elementor-widget-heading\" data-id=\"5870f9b\" data-element_type=\"widget\" data-e-type=\"widget\" data-widget_type=\"heading.default\">\n\t\t\t\t<div class=\"elementor-widget-container\">\n\t\t\t\t\t<h2 class=\"elementor-heading-title elementor-size-default\">Cliniques de radiologie pr\u00e8s de Sant\u00e9 Mont-Royal<\/h2>\t\t\t\t<\/div>\n\t\t\t\t<\/div>\n\t\t\t\t<div class=\"elementor-element elementor-element-f43b080 elementor-widget elementor-widget-text-editor\" data-id=\"f43b080\" data-element_type=\"widget\" data-e-type=\"widget\" data-widget_type=\"text-editor.default\">\n\t\t\t\t<div class=\"elementor-widget-container\">\n\t\t\t\t\t\t\t\t\t<ul>\n<li><a href=\"https:\/\/clarkeradiology.com\" target=\"_blank\" rel=\"noopener\">Radiologie Clarke<\/a><\/li>\n<li><a href=\"https:\/\/radimed.ca\/en\/\" target=\"_blank\" rel=\"noopener\">RadiMED<\/a><\/li>\n<li><a href=\"https:\/\/imagix.biron.com\/en\/\" target=\"_blank\" rel=\"noopener\">Imagix<\/a><\/li>\n<\/ul>\n\t\t\t\t\t\t\t\t<\/div>\n\t\t\t\t<\/div>\n\t\t\t\t<\/div>\n\t\t\t\t<\/div>\n\t\t<div class=\"elementor-element elementor-element-ded160d e-flex e-con-boxed e-con e-parent\" data-id=\"ded160d\" data-element_type=\"container\" data-e-type=\"container\">\n\t\t\t\t\t<div class=\"e-con-inner\">\n\t\t\t\t<div class=\"elementor-element elementor-element-4ceca84 elementor-widget elementor-widget-text-editor\" data-id=\"4ceca84\" data-element_type=\"widget\" data-e-type=\"widget\" data-widget_type=\"text-editor.default\">\n\t\t\t\t<div class=\"elementor-widget-container\">\n\t\t\t\t\t\t\t\t\t<p><a href=\"https:\/\/santemontroyal.com\/prise-de-sang\/\">Analyses de sang et d&rsquo;urine \u27f6<\/a><\/p>\n\t\t\t\t\t\t\t\t<\/div>\n\t\t\t\t<\/div>\n\t\t\t\t\t<\/div>\n\t\t\t\t<\/div>\n\t\t\t\t<\/div>\n\t\t","protected":false},"excerpt":{"rendered":"<p>Radiologie \u00e0 Sant\u00e9 Mont-Royal<\/p>\n","protected":false},"author":1,"featured_media":1976,"parent":0,"menu_order":0,"comment_status":"closed","ping_status":"closed","template":"elementor_header_footer","meta":{"footnotes":""},"class_list":["post-1768","page","type-page","status-publish","has-post-thumbnail","hentry"],"_links":{"self":[{"href":"https:\/\/santemontroyal.com\/fr\/wp-json\/wp\/v2\/pages\/1768","targetHints":{"allow":["GET"]}}],"collection":[{"href":"https:\/\/santemontroyal.com\/fr\/wp-json\/wp\/v2\/pages"}],"about":[{"href":"https:\/\/santemontroyal.com\/fr\/wp-json\/wp\/v2\/types\/page"}],"author":[{"embeddable":true,"href":"https:\/\/santemontroyal.com\/fr\/wp-json\/wp\/v2\/users\/1"}],"replies":[{"embeddable":true,"href":"https:\/\/santemontroyal.com\/fr\/wp-json\/wp\/v2\/comments?post=1768"}],"version-history":[{"count":5,"href":"https:\/\/santemontroyal.com\/fr\/wp-json\/wp\/v2\/pages\/1768\/revisions"}],"predecessor-version":[{"id":2541,"href":"https:\/\/santemontroyal.com\/fr\/wp-json\/wp\/v2\/pages\/1768\/revisions\/2541"}],"wp:featuredmedia":[{"embeddable":true,"href":"https:\/\/santemontroyal.com\/fr\/wp-json\/wp\/v2\/media\/1976"}],"wp:attachment":[{"href":"https:\/\/santemontroyal.com\/fr\/wp-json\/wp\/v2\/media?parent=1768"}],"curies":[{"name":"wp","href":"https:\/\/api.w.org\/{rel}","templated":true}]}}