{"id":1760,"date":"2024-02-02T16:25:36","date_gmt":"2024-02-02T21:25:36","guid":{"rendered":"https:\/\/santemontroyal.com\/prise-de-sang\/"},"modified":"2025-10-30T14:39:02","modified_gmt":"2025-10-30T18:39:02","slug":"prise-de-sang","status":"publish","type":"page","link":"https:\/\/santemontroyal.com\/fr\/prise-de-sang\/","title":{"rendered":"Prise de sang"},"content":{"rendered":"\t\t<div data-elementor-type=\"wp-page\" data-elementor-id=\"1760\" class=\"elementor elementor-1760 elementor-921\" data-elementor-post-type=\"page\">\n\t\t\t\t<div class=\"elementor-element elementor-element-a0deb7d e-con-full e-flex e-con e-parent\" data-id=\"a0deb7d\" data-element_type=\"container\" data-e-type=\"container\">\n\t\t<div class=\"elementor-element elementor-element-065acba e-con-full e-flex e-con e-child\" data-id=\"065acba\" data-element_type=\"container\" data-e-type=\"container\">\n\t\t\t\t<div class=\"elementor-element elementor-element-6618320 elementor-widget elementor-widget-heading\" data-id=\"6618320\" data-element_type=\"widget\" data-e-type=\"widget\" data-widget_type=\"heading.default\">\n\t\t\t\t<div class=\"elementor-widget-container\">\n\t\t\t\t\t<h2 class=\"elementor-heading-title elementor-size-default\">Prise de sang<\/h2>\t\t\t\t<\/div>\n\t\t\t\t<\/div>\n\t\t\t\t<div class=\"elementor-element elementor-element-7a5b3ce elementor-widget elementor-widget-text-editor\" data-id=\"7a5b3ce\" data-element_type=\"widget\" data-e-type=\"widget\" data-widget_type=\"text-editor.default\">\n\t\t\t\t<div class=\"elementor-widget-container\">\n\t\t\t\t\t\t\t\t\t<p>M Sant\u00e9 est fi\u00e8re d&rsquo;offrir des services priv\u00e9s de phl\u00e9botomie \u00e0 Sant\u00e9 Mont-Royal.<\/p>\t\t\t\t\t\t\t\t<\/div>\n\t\t\t\t<\/div>\n\t\t\t\t<\/div>\n\t\t<div class=\"elementor-element elementor-element-2f67eb6 e-con-full e-flex e-con e-child\" data-id=\"2f67eb6\" data-element_type=\"container\" data-e-type=\"container\" data-settings=\"{&quot;background_background&quot;:&quot;classic&quot;}\">\n\t\t\t\t<div class=\"elementor-element elementor-element-7a5c2a1 elementor-widget elementor-widget-image\" data-id=\"7a5c2a1\" data-element_type=\"widget\" data-e-type=\"widget\" data-widget_type=\"image.default\">\n\t\t\t\t<div class=\"elementor-widget-container\">\n\t\t\t\t\t\t\t\t\t\t\t\t\t\t\t<img fetchpriority=\"high\" decoding=\"async\" width=\"526\" height=\"430\" src=\"https:\/\/santemontroyal.com\/wp-content\/uploads\/2024\/02\/msante-logo_orig.png\" class=\"attachment-full size-full wp-image-1739\" alt=\"\" srcset=\"https:\/\/santemontroyal.com\/wp-content\/uploads\/2024\/02\/msante-logo_orig.png 526w, https:\/\/santemontroyal.com\/wp-content\/uploads\/2024\/02\/msante-logo_orig-300x245.png 300w\" sizes=\"(max-width: 526px) 100vw, 526px\" \/>\t\t\t\t\t\t\t\t\t\t\t\t\t\t\t<\/div>\n\t\t\t\t<\/div>\n\t\t<div class=\"elementor-element elementor-element-4a9aacd e-flex e-con-boxed e-con e-child\" data-id=\"4a9aacd\" data-element_type=\"container\" data-e-type=\"container\">\n\t\t\t\t\t<div class=\"e-con-inner\">\n\t\t\t\t<div class=\"elementor-element elementor-element-f43b080 elementor-widget elementor-widget-text-editor\" data-id=\"f43b080\" data-element_type=\"widget\" data-e-type=\"widget\" data-widget_type=\"text-editor.default\">\n\t\t\t\t<div class=\"elementor-widget-container\">\n\t\t\t\t\t\t\t\t\t<p>Des services de pr\u00e9l\u00e8vement sanguin en clinique sont disponibles au prix de 75 $ sur rendez-vous et sans rendez-vous (selon les disponibilit\u00e9s).<\/p><ul><li><b>Seuls les patients munis d&rsquo;une carte RAMQ valide sont accept\u00e9s.<\/b><\/li><li><strong>Les patients doivent \u00eatre \u00e2g\u00e9s d&rsquo;au moins 16 ans.<\/strong><\/li><li><strong>Nous acceptons toutes les demandes .<\/strong><\/li><\/ul><div><b> <\/b><\/div><p><strong><u>Heures d&rsquo;ouverture :<\/u><\/strong><\/p><p> &#8211; Du lundi au vendredi, de 8 h 30 \u00e0 13 h <em>(Suite 110-A)<\/em><\/p><p> &#8211; Samedi, de 9 h \u00e0 12 h (<em>Suite 110)<\/em><\/p>\t\t\t\t\t\t\t\t<\/div>\n\t\t\t\t<\/div>\n\t\t\t\t<div class=\"elementor-element elementor-element-9c31219 elementor-widget elementor-widget-text-editor\" data-id=\"9c31219\" data-element_type=\"widget\" data-e-type=\"widget\" data-widget_type=\"text-editor.default\">\n\t\t\t\t<div class=\"elementor-widget-container\">\n\t\t\t\t\t\t\t\t\t<p><strong><span style=\"color: #ff0000;\">**<u>MAINTENANT DISPONIBLE<\/u>**<\/span><\/strong><\/p><p>Service de pr\u00e9l\u00e8vement sanguin \u00e0 domicile, dans le confort et la s\u00e9curit\u00e9 de votre propre maison.<\/p><p><b>Frais : 175 $<\/b><\/p><p>Pour prendre rendez-vous, les patients peuvent appeler le (514) 294-2577<\/p>\t\t\t\t\t\t\t\t<\/div>\n\t\t\t\t<\/div>\n\t\t\t\t<div class=\"elementor-element elementor-element-25cfca7 elementor-widget elementor-widget-button\" data-id=\"25cfca7\" data-element_type=\"widget\" data-e-type=\"widget\" data-widget_type=\"button.default\">\n\t\t\t\t<div class=\"elementor-widget-container\">\n\t\t\t\t\t\t\t\t\t<div class=\"elementor-button-wrapper\">\n\t\t\t\t\t<a class=\"elementor-button elementor-button-link elementor-size-sm\" href=\"https:\/\/qc.pomelo.health\/santemontroyal\/flow\/anonymous\" target=\"_blank\">\n\t\t\t\t\t\t<span class=\"elementor-button-content-wrapper\">\n\t\t\t\t\t\t\t\t\t<span class=\"elementor-button-text\">PRENDRE UN RENDEZ-VOUS \u27f6<\/span>\n\t\t\t\t\t<\/span>\n\t\t\t\t\t<\/a>\n\t\t\t\t<\/div>\n\t\t\t\t\t\t\t\t<\/div>\n\t\t\t\t<\/div>\n\t\t\t\t<div class=\"elementor-element elementor-element-743c5fe elementor-widget elementor-widget-text-editor\" data-id=\"743c5fe\" data-element_type=\"widget\" data-e-type=\"widget\" data-widget_type=\"text-editor.default\">\n\t\t\t\t<div class=\"elementor-widget-container\">\n\t\t\t\t\t\t\t\t\t<p>Les tests en laboratoire sont \u00e9galement disponibles gratuitement sur rendez-vous via ClicSant\u00e9. <a href=\"https:\/\/portal3.clicsante.ca\/\" target=\"_blank\" rel=\"noopener\">Cliquez ici pour prendre rendez-vous<\/a>.<\/p>\t\t\t\t\t\t\t\t<\/div>\n\t\t\t\t<\/div>\n\t\t\t\t\t<\/div>\n\t\t\t\t<\/div>\n\t\t\t\t<\/div>\n\t\t\t\t<\/div>\n\t\t<div class=\"elementor-element elementor-element-482f247 e-flex e-con-boxed e-con e-parent\" data-id=\"482f247\" data-element_type=\"container\" data-e-type=\"container\">\n\t\t\t\t\t<div class=\"e-con-inner\">\n\t\t\t\t<div class=\"elementor-element elementor-element-3b195c4 elementor-widget elementor-widget-text-editor\" data-id=\"3b195c4\" data-element_type=\"widget\" data-e-type=\"widget\" data-widget_type=\"text-editor.default\">\n\t\t\t\t<div class=\"elementor-widget-container\">\n\t\t\t\t\t\t\t\t\t<p><a href=\"https:\/\/santemontroyal.com\/radiology\/\">Radiologie \u27f6<\/a><\/p>\t\t\t\t\t\t\t\t<\/div>\n\t\t\t\t<\/div>\n\t\t\t\t\t<\/div>\n\t\t\t\t<\/div>\n\t\t\t\t<\/div>\n\t\t","protected":false},"excerpt":{"rendered":"<p>Avertissement concernant les r\u00e9servations de tiers<\/p>\n","protected":false},"author":1,"featured_media":1976,"parent":0,"menu_order":0,"comment_status":"closed","ping_status":"closed","template":"elementor_header_footer","meta":{"footnotes":""},"class_list":["post-1760","page","type-page","status-publish","has-post-thumbnail","hentry"],"_links":{"self":[{"href":"https:\/\/santemontroyal.com\/fr\/wp-json\/wp\/v2\/pages\/1760","targetHints":{"allow":["GET"]}}],"collection":[{"href":"https:\/\/santemontroyal.com\/fr\/wp-json\/wp\/v2\/pages"}],"about":[{"href":"https:\/\/santemontroyal.com\/fr\/wp-json\/wp\/v2\/types\/page"}],"author":[{"embeddable":true,"href":"https:\/\/santemontroyal.com\/fr\/wp-json\/wp\/v2\/users\/1"}],"replies":[{"embeddable":true,"href":"https:\/\/santemontroyal.com\/fr\/wp-json\/wp\/v2\/comments?post=1760"}],"version-history":[{"count":5,"href":"https:\/\/santemontroyal.com\/fr\/wp-json\/wp\/v2\/pages\/1760\/revisions"}],"predecessor-version":[{"id":3199,"href":"https:\/\/santemontroyal.com\/fr\/wp-json\/wp\/v2\/pages\/1760\/revisions\/3199"}],"wp:featuredmedia":[{"embeddable":true,"href":"https:\/\/santemontroyal.com\/fr\/wp-json\/wp\/v2\/media\/1976"}],"wp:attachment":[{"href":"https:\/\/santemontroyal.com\/fr\/wp-json\/wp\/v2\/media?parent=1760"}],"curies":[{"name":"wp","href":"https:\/\/api.w.org\/{rel}","templated":true}]}}