{"id":1758,"date":"2024-04-17T14:26:13","date_gmt":"2024-04-17T18:26:13","guid":{"rendered":"https:\/\/santemontroyal.com\/avertissement-concernant-les-reservations-de-tiers\/"},"modified":"2024-05-24T16:35:03","modified_gmt":"2024-05-24T20:35:03","slug":"avertissement-concernant-les-reservations-de-tiers","status":"publish","type":"page","link":"https:\/\/santemontroyal.com\/fr\/avertissement-concernant-les-reservations-de-tiers\/","title":{"rendered":"Avertissement concernant les r\u00e9servations de tiers"},"content":{"rendered":"\t\t<div data-elementor-type=\"wp-page\" data-elementor-id=\"1758\" class=\"elementor elementor-1758 elementor-1323\" data-elementor-post-type=\"page\">\n\t\t\t\t<div class=\"elementor-element elementor-element-a0deb7d e-con-full e-flex e-con e-parent\" data-id=\"a0deb7d\" data-element_type=\"container\" data-e-type=\"container\">\n\t\t<div class=\"elementor-element elementor-element-065acba e-con-full e-flex e-con e-child\" data-id=\"065acba\" data-element_type=\"container\" data-e-type=\"container\">\n\t\t\t\t<div class=\"elementor-element elementor-element-7a5b3ce elementor-widget elementor-widget-text-editor\" data-id=\"7a5b3ce\" data-element_type=\"widget\" data-e-type=\"widget\" data-widget_type=\"text-editor.default\">\n\t\t\t\t<div class=\"elementor-widget-container\">\n\t\t\t\t\t\t\t\t\t<p style=\"text-align: center;\"><strong>Pour r\u00e9server en ligne, vous serez redirig\u00e9 vers le site web d&rsquo;un tiers.<br \/>Avant de continuer, veuillez-vous assurer que vous comprenez et acceptez ce qui suit :<\/strong><\/p><p style=\"text-align: center;\"><strong><em><u>Pour les rendez-vous en clinique d\u2019urgence :<\/u><br \/><\/em><\/strong>Des <b>frais de 40$<\/b> seront appliqu\u00e9s pour tout rendez-vous manqu\u00e9, sans pr\u00e9avis de <b>2 heures<\/b>.<\/p><p style=\"text-align: center;\"><strong style=\"background-color: transparent; color: var( --e-global-color-text ); letter-spacing: 0px; text-align: var(--text-align);\"><em><u>Pour les rendez-vous en m\u00e9decine familiale et en m\u00e9decine sp\u00e9cialis\u00e9e :<\/u><br \/><\/em><\/strong>Des <b>frais de 40$<\/b> seront appliqu\u00e9s pour tout rendez-vous manqu\u00e9, sans pr\u00e9avis de <b>24 heures<\/b>.<\/p><p style=\"text-align: center;\"><span style=\"background-color: transparent; color: var( --e-global-color-text ); letter-spacing: 0px; text-align: var(--text-align);\"><b><u>Pour annuler un rendez-vous :<\/u><br \/><\/b><\/span><span style=\"background-color: transparent; color: var( --e-global-color-text ); letter-spacing: 0px; text-align: var(--text-align);\">Veuillez-vous <\/span><a style=\"letter-spacing: 0px; text-align: var(--text-align);\" href=\"https:\/\/qc.pomelo.health\/santemontroyal\/#\/\" target=\"_blank\" rel=\"noopener\">connecter au portail de patients<\/a><span style=\"background-color: transparent; color: var( --e-global-color-text ); letter-spacing: 0px; text-align: var(--text-align);\"> ou envoyer un couriel \u00e0 <\/span><a style=\"letter-spacing: 0px; text-align: var(--text-align);\" href=\"mailto:reception@santemontroyal.com\">reception@santemontroyal.com<\/a><span style=\"background-color: transparent; color: var( --e-global-color-text ); letter-spacing: 0px; text-align: var(--text-align);\">.<\/span><\/p><p style=\"text-align: center;\"><b><u>Arriv\u00e9e tardive :<br \/><\/u><\/b>Il est toujours appr\u00e9ci\u00e9 de nous aviser de votre retard en t\u00e9l\u00e9phonant au (514) 819-6649 ou en nous envoyant un courriel \u00e0 r<a href=\"mailto:eception@santemontroyal.com\">eception@santemontroyal.com<\/a>.<\/p><p style=\"text-align: center;\">Si vous arrivez plus de <b>15 minutes<\/b> apr\u00e8s l&rsquo;heure pr\u00e9vue de votre rendez-vous, nous ne pouvons pas garantir que vous serez vu. Votre professionnel de la sant\u00e9 d\u00e9cidera au moment de votre arriv\u00e9e s&rsquo;il est en mesure de vous recevoir.<\/p>\t\t\t\t\t\t\t\t<\/div>\n\t\t\t\t<\/div>\n\t\t\t\t<div class=\"elementor-element elementor-element-a897f32 elementor-align-center elementor-widget elementor-widget-button\" data-id=\"a897f32\" data-element_type=\"widget\" data-e-type=\"widget\" data-widget_type=\"button.default\">\n\t\t\t\t<div class=\"elementor-widget-container\">\n\t\t\t\t\t\t\t\t\t<div class=\"elementor-button-wrapper\">\n\t\t\t\t\t<a class=\"elementor-button elementor-button-link elementor-size-sm\" href=\"https:\/\/appointmentaccess.telushealth.com\/#\/\" target=\"_blank\">\n\t\t\t\t\t\t<span class=\"elementor-button-content-wrapper\">\n\t\t\t\t\t\t\t\t\t<span class=\"elementor-button-text\">J'ACCEPTE, VEUILLEZ PROC\u00c9DER \u00c0 LA R\u00c9SERVATION \u27f6<\/span>\n\t\t\t\t\t<\/span>\n\t\t\t\t\t<\/a>\n\t\t\t\t<\/div>\n\t\t\t\t\t\t\t\t<\/div>\n\t\t\t\t<\/div>\n\t\t\t\t<div class=\"elementor-element elementor-element-cd9ef50 elementor-widget elementor-widget-text-editor\" data-id=\"cd9ef50\" data-element_type=\"widget\" data-e-type=\"widget\" data-widget_type=\"text-editor.default\">\n\t\t\t\t<div class=\"elementor-widget-container\">\n\t\t\t\t\t\t\t\t\t<p><a href=\"https:\/\/santemontroyal.com\/\">Retournez \u00e0 Sant\u00e9 Mont-Royal<\/a><\/p>\t\t\t\t\t\t\t\t<\/div>\n\t\t\t\t<\/div>\n\t\t\t\t<\/div>\n\t\t\t\t<\/div>\n\t\t\t\t<\/div>\n\t\t","protected":false},"excerpt":{"rendered":"<p>Avertissement concernant les r\u00e9servations de tiers<\/p>\n","protected":false},"author":1,"featured_media":1976,"parent":0,"menu_order":0,"comment_status":"closed","ping_status":"closed","template":"elementor_canvas","meta":{"footnotes":""},"class_list":["post-1758","page","type-page","status-publish","has-post-thumbnail","hentry"],"_links":{"self":[{"href":"https:\/\/santemontroyal.com\/fr\/wp-json\/wp\/v2\/pages\/1758","targetHints":{"allow":["GET"]}}],"collection":[{"href":"https:\/\/santemontroyal.com\/fr\/wp-json\/wp\/v2\/pages"}],"about":[{"href":"https:\/\/santemontroyal.com\/fr\/wp-json\/wp\/v2\/types\/page"}],"author":[{"embeddable":true,"href":"https:\/\/santemontroyal.com\/fr\/wp-json\/wp\/v2\/users\/1"}],"replies":[{"embeddable":true,"href":"https:\/\/santemontroyal.com\/fr\/wp-json\/wp\/v2\/comments?post=1758"}],"version-history":[{"count":5,"href":"https:\/\/santemontroyal.com\/fr\/wp-json\/wp\/v2\/pages\/1758\/revisions"}],"predecessor-version":[{"id":2362,"href":"https:\/\/santemontroyal.com\/fr\/wp-json\/wp\/v2\/pages\/1758\/revisions\/2362"}],"wp:featuredmedia":[{"embeddable":true,"href":"https:\/\/santemontroyal.com\/fr\/wp-json\/wp\/v2\/media\/1976"}],"wp:attachment":[{"href":"https:\/\/santemontroyal.com\/fr\/wp-json\/wp\/v2\/media?parent=1758"}],"curies":[{"name":"wp","href":"https:\/\/api.w.org\/{rel}","templated":true}]}}